{"id":1472,"date":"2018-04-17T19:13:03","date_gmt":"2018-04-17T19:13:03","guid":{"rendered":"https:\/\/www.bhss.ch\/dev?page_id=1472"},"modified":"2021-03-23T23:34:11","modified_gmt":"2021-03-23T23:34:11","slug":"principles-of-practice-2","status":"publish","type":"page","link":"https:\/\/www.bhss.ch\/dev\/?page_id=1472","title":{"rendered":"Ethik-Kodex"},"content":{"rendered":"<div id=\"av_section_1\" class=\"avia-section main_color avia-section-no-padding avia-shadow  avia-bg-style-scroll  avia-builder-el-0  el_before_av_textblock  avia-builder-el-first   av-minimum-height av-minimum-height-custom  container_wrap fullsize\" style=\"background-color: #e9d3ff;  \"><div class=\"container\" style=\"height:150px\"><main role=\"main\" itemprop=\"mainContentOfPage\" class=\"template-page content  av-content-full alpha units\"><div class=\"post-entry post-entry-type-page post-entry-1472\"><div class=\"entry-content-wrapper clearfix\">\n<div class=\"flex_column av_one_third  av-hide-on-mobile  flex_column_div av-zero-column-padding first  avia-builder-el-1  el_before_av_two_third  avia-builder-el-first  \" style=\"border-radius:0px; \"><div class=\"avia-image-container  av-styling-no-styling av-hover-grow   avia-builder-el-2  avia-builder-el-no-sibling  avia-align-left \" itemprop=\"image\" itemscope=\"itemscope\" itemtype=\"https:\/\/schema.org\/ImageObject\"><div class=\"avia-image-container-inner\"><div class=\"avia-image-overlay-wrap\"><img class=\"avia_image\" src=\"https:\/\/www.bhss.ch\/dev\/wp-content\/uploads\/2018\/04\/bhss-logo-new0000.png\" alt title=\"bhss-logo-new0000\" height=\"256\" width=\"256\" itemprop=\"thumbnailUrl\"><\/div><\/div><\/div><\/div><div class=\"flex_column av_two_third  flex_column_div av-zero-column-padding   avia-builder-el-3  el_after_av_one_third  avia-builder-el-last  \" style=\"border-radius:0px; \"><section class=\"av_textblock_section \" itemscope=\"itemscope\" itemtype=\"https:\/\/schema.org\/CreativeWork\"><div class=\"avia_textblock  \" itemprop=\"text\"><h2>&nbsp;<\/h2>\n<h2>&nbsp;<\/h2>\n<h2 style=\"text-align: right;\">BRENNAN HEALING SCIENCE SWITZERLAND<\/h2>\n<h5 style=\"text-align: right;\">Schweizerischer Verband der Energietherapeuten der&nbsp;BBSH<\/h5>\n<\/div><\/section><\/div><\/div><\/div><\/main><!-- close content main element --><\/div><\/div><div id=\"after_section_1\" class=\"main_color av_default_container_wrap container_wrap fullsize\" style=\" \"><div class=\"container\"><div class=\"template-page content  av-content-full alpha units\"><div class=\"post-entry post-entry-type-page post-entry-1472\"><div class=\"entry-content-wrapper clearfix\"><section class=\"av_textblock_section \" itemscope=\"itemscope\" itemtype=\"https:\/\/schema.org\/CreativeWork\"><div class=\"avia_textblock  \" itemprop=\"text\"><div class=\"entry-content\" style=\"text-align: justify;\">\n<h2>Ethik-Kodex f\u00fcr Brennan Healing Science Practitioners\u00ae<\/h2>\n<p>2003 Bar\u00adbara Bren\u00adnan Inc. All rights reserved<\/p>\n<h2>Pr\u00e4ambel<\/h2>\n<p>Dieser Ethik-Kodex dient dazu, die Heilar\u00adbeit eines Bren\u00adnan Heal\u00ading Sci\u00adence Prac\u00adti\u00adtion\u00aders\u00ae (BHSP) zu erle\u00adichtern und die \u00d6ffentlichkeit dabei zu unter\u00adst\u00fctzen, einen Heil\u00ader zu find\u00aden, mit dem eine heil\u00adsame und lohnende Beziehung einge\u00adgan\u00adgen wer\u00adden&nbsp;kann.<\/p>\n<p>Als Graduiert\u00ader von der vier\u00adj\u00e4hri\u00adgen pro\u00adfes\u00adsionellen Aus\u00adbil\u00addung an der Bar\u00adbara Bren\u00adnan School of Heal\u00ading (BBSH) hat der BHSP sowohl inten\u00adsives Studi\u00adum als auch Praxis\u00ader\u00adfahrung in: per\u00ads\u00f6n\u00adlichen Wach\u00ads\u00adtum\u00adsprozessen, Energie-Wahrnehmung und au\u00dfersinnlich\u00ader Wahrnehmung, ver\u00adschiede\u00adnen Tech\u00adniken des Han\u00addau\u00adfle\u00adgens, pro\u00adfes\u00adsioneller Prax\u00adis\u00adf\u00fchrung, Kreativ\u00adit\u00e4t und Kun\u00adst, inte\u00adgra\u00adtiv\u00ader Prax\u00adis mit \u00c4rzten und ein aus\u00adgepr\u00e4gtes Bewusst\u00adsein von der Verbindung zwis\u00adchen Geist, K\u00f6r\u00adp\u00ader und Gef\u00fchlen.<\/p>\n<p>Ober\u00adstes Ziel des BHSP ist, den Klien\u00adten auf seinem ein\u00adma\u00adli\u00adgen Weg zur Heilung mit Kom\u00adpe\u00adtenz, Integrit\u00e4t und Mit\u00adge\u00adf\u00fchl zu unter\u00adst\u00fctzen. Es ist die Verpflich\u00adtung des BHSP einen sicheren, ein\u00adf\u00fchlsamen und lebens\u00adbe\u00adja\u00adhen\u00adden Raum zu erschaf\u00adfen, der die Heilung und des Trans\u00adfor\u00adma\u00adtion\u00adsprozess des Klien\u00adten in best\u00adm\u00f6glich\u00ader Weise unter\u00adst\u00fctzt. Im weit\u00aderen Rah\u00admen des Gemein\u00adwohls und seines Dien\u00adstes an der Welt, stellt der BHSP sein Wis\u00adsen und sein Train\u00ading in den Dienst der Evo\u00adlu\u00adtion des men\u00adschlichen Geistes.<\/p>\n<p>In jed\u00ader Heil\u00adsitzung wen\u00addet der BHSP ver\u00adschiedene Tech\u00adniken an und wird Ele\u00admente aus ganz unter\u00adschiedlichen Rich\u00adtun\u00adgen hinzuf\u00fc\u00adgen, die den einzi\u00adgar\u00adti\u00adgen Bedin\u00adgun\u00adgen und Bed\u00fcrfnis\u00adsen des jew\u00adeili\u00adgen Klien\u00adten gerecht wer\u00adden und den Qual\u00adi\u00adfika\u00adtio\u00adnen und F\u00e4higkeit\u00aden des BHSP entsprechen. Kein Regel\u00adw\u00aderk k\u00f6n\u00adnte in G\u00e4nze alle denkbaren Sit\u00adu\u00ada\u00adtio\u00adnen, denen ein BHSP begeg\u00adnen kann, vorherse\u00adhen oder regeln. Der fol\u00adgende Ethik-Kodex bezieht sich deshalb auf aus\u00adgew\u00e4hlte generelle Aspek\u00adte der Inten\u00adtion\u00adal\u00adit\u00e4t und des Bewusst\u00adsein\u00adsprozess\u00ades des BHSP, die er gewis\u00adsenhaft beobachtet und reflek\u00adtiert, solange die Beziehung zum Klien\u00adten beste\u00adht, im All\u00adge\u00admeinen und auch im Moment.<\/p>\n<h2>Intention, Integrit\u00e4t und professionelle Verantwortung<\/h2>\n<p>Der BHSP Verpflichtet sich, seine Aus\u00adbil\u00addung, F\u00e4higkeit\u00aden und seine Inten\u00adtio\u00adnen in den Dienst der Gesund\u00adheit, des Wohlbefind\u00adens und der spir\u00adituellen Gene\u00adsung des Klien\u00adten zu stellen.<\/p>\n<p>Der BHSP stellt seine Dien\u00adste gem\u00e4\u00df sein\u00ader Aus\u00adbil\u00addung und Kom\u00adpe\u00adten\u00adzen zur Ver\u00adf\u00fc\u00adgung und \u00fcber\u00adweist den Klien\u00adten an andere Heil\u00ader oder Gene\u00adsung\u00adshelfer ander\u00ader Diszi\u00adplinen, wenn es angemessen und n\u00f6tig&nbsp;ist.<\/p>\n<p>Der BHSP bleibt im Bere\u00adich sein\u00ader F\u00e4higkeit\u00aden auf dem laufend\u00aden und kom\u00adpe\u00adtent durch Super\u00advi\u00adsion, Beratung und fort\u00adlaufende Weiterbildung<\/p>\n<p>Wed\u00ader bietet, ver\u00adspricht oder offeriert der BHSP medi\u00adzinis\u00adche Diag\u00adnosen oder Ver\u00adschrei\u00adbun\u00adgen (au\u00dfer er ist ander\u00adweit\u00adig dazu berechtigt und aus\u00adge\u00adbildet), noch ver\u00adspricht er medi\u00adzinis\u00adche Heilung oder Besserung<\/p>\n<h2>Kommunikation mit dem Klienten und professionelle Abgrenzung<\/h2>\n<p>Vor Beginn der Behand\u00adlung kl\u00e4rt der BHSP seine Klien\u00adten klar, umfassend und wahrheits\u00adgem\u00e4\u00df \u00fcber die grund\u00ads\u00e4t\u00adzliche Natur sein\u00ader Dien\u00adstleis\u00adtung auf, \u00fcber Hon\u00ado\u00adrare und Zahlungsmodal\u00adit\u00e4ten sowie \u00fcber andere Regelun\u00adgen und Vere\u00adin\u00adbarun\u00adgen, die zur Anwen\u00addung kom\u00admen. Der BHSP ver\u00adlangt im Voraus das Ein\u00adver\u00adst\u00e4nd\u00adnis des Klien\u00adten f\u00fcr seine Dien\u00adste, oder wenn notwendig die Zus\u00adtim\u00admung des geset\u00adzlichen Vertreters des Klienten.<\/p>\n<p>Der BHSP h\u00e4lt pro\u00adfes\u00adsionelle Gren\u00adzen zum Klien\u00adten ein. Er ist aufmerk\u00adsam f\u00fcr reale und zugeschriebe\u00adnen Unter\u00adschiede in Wahrnehmung und Kraft zwis\u00adchen ihm und dem Klien\u00adten. Er beutet solche Unter\u00adschiede oder Wahrnehmungen w\u00e4hrend oder nach der pro\u00adfes\u00adsionellen Beziehung nicht zu seinem per\u00ads\u00f6n\u00adlichen oder finanziellen Nutzen aus. Der BHSP unter\u00adst\u00fctzt den Klien\u00adten darin, Abh\u00e4ngigkeit\u00aden von ihm zu ver\u00admei\u00adden bzw. aufzul\u00f6sen.<\/p>\n<p>Wed\u00ader schl\u00e4gt der BHSP vor, noch ini\u00adti\u00adiert oder engagierte er sich in irgen\u00addein\u00ader Form von roman\u00adtis\u00adch\u00ader oder sex\u00adueller Beziehung zum Klien\u00adten. Der BHSP unter\u00adl\u00e4sst jede Form von sex\u00adueller oder anders geart\u00adeter Bel\u00e4s\u00adti\u00adgung des Klien\u00adten, sei es durch sex\u00aduelle Ann\u00e4herung, k\u00f6r\u00adper\u00adliche oder ener\u00adgetis\u00adche Ange\u00adbote, ver\u00adbale oder non\u00adver\u00adbale Andeu\u00adtun\u00adgen, die nicht willkom\u00admen sind, offen\u00adsiv oder eine feind\u00adseliges und verun\u00adsich\u00adern\u00addes Kli\u00adma im Heil\u00adraum erzeu\u00adgen. Der BHSP begin\u00adnt keine sex\u00aduelle Beziehung zu einem Klien\u00adten vor Ablauf von min\u00addestens zwei Jahren nach Beendi\u00adgung der pro\u00adfes\u00adsionellen Beziehung, und auch dann nur wenn durch entsprechende Super\u00advi\u00adsion sichergestellt ist, dass keine Aus\u00adnutzung des Klien\u00adten vor\u00adliegt oder andere ihm Schaden zuf\u00fc\u00adgende Umst\u00e4nde gegeben sind.<\/p>\n<p>Der BHSP ver\u00admei\u00addet oder nimmt sich sofort her\u00adaus aus unpassenden und poten\u00adtiell sch\u00e4dlichen Inter\u00adessenkon\u00adflik\u00adten und Zwei- oder Mehrfach\u00adbeziehun\u00adgen mit Klien\u00adten oder fr\u00fcheren Klienten.<\/p>\n<h2>Den Klienten und die Gemeinschaft ehren<\/h2>\n<p>Der BHSP respek\u00adtiert die grundle\u00adgende W\u00fcrde, den Wert und den per\u00ads\u00f6n\u00adlichen Weg eines jeden Klien\u00adten, unab\u00adh\u00e4ngig von Alter, Geschlecht, Rasse, eth\u00adnis\u00adch\u00ader oder nationaler Herkun\u00adft, Reli\u00adgion, sex\u00adueller Ori\u00aden\u00adtierung, Behin\u00adderun\u00adgen, Sprache und sozio\u00f6konomis\u00adchem Sta\u00adtus. Der BHSP ist bem\u00fcht aufmerk\u00adsam f\u00fcr kul\u00adturelle, indi\u00advidu\u00adelle Unter\u00adschiede und f\u00fcr Rol\u00adlen\u00addif\u00adferen\u00adzen zu&nbsp;sein.<\/p>\n<p>Der BHSP respek\u00adtiert das Recht eines jeden Klien\u00adten, eigene Werte, Hal\u00adtun\u00adgen, \u00dcberzeu\u00adgun\u00adgen und per\u00ads\u00f6n\u00adliche Mei\u00adn\u00adun\u00adgen zu vertreten, die von denen des BHSP\u2019s abweichen.<\/p>\n<p>Der BHSP ist sich sein\u00ader Ver\u00adant\u00adwor\u00adtung bewusst, die Integrit\u00e4t der Heilar\u00adbeit und des Heil\u00ader-Berufes sowohl in Bezug auf die Klien\u00adten, als auch auf die Gemein\u00adschaft, in der der BHSP lebt und die Com\u00admu\u00adni\u00adty of the Sacred Human Heart zu wahren.<\/p>\n<h2>Klientenschutz<\/h2>\n<p>Der BHSP respek\u00adtiert die Ver\u00adtraulichkeit der Klien\u00adten\u00addat\u00aden und teilt sie nie\u00adman\u00addem mit, auch nicht Name oder iden\u00adti\u00adfizier\u00adbare Dat\u00aden \u00fcber ihn, au\u00dfer: (a) wenn vom Klien\u00adten autorisiert und nur so weit wie vere\u00adin\u00adbart, (b) wie es f\u00fcr die pro\u00adfes\u00adsionelle Super\u00advi\u00adsion des BHSP n\u00f6tig ist, wobei der Klient anonym bleibt, und nur in dem Ma\u00dfe wie es f\u00fcr den Zweck der Super\u00advi\u00adsion notwendig ist; \u00a9 wenn das Weit\u00adergeben notwendig ist um akute und ein\u00addeutige Gefahr vom Klien\u00adten oder anderen abzuwen\u00adden; (d) wie es geset\u00adzlich vorgeschrieben ist; (e) wenn der BHSP in ein Zivil\u2011, Krim\u00adi\u00adnal- oder Diszi\u00adpli\u00adnarver\u00adfahren involviert ist, das ihm aus der Beziehung zu diesem Klien\u00adten erw\u00e4chst (in diesem Fall wird Ver\u00adtraulich\u00ades nur im Zusam\u00admen\u00adhang mit diesem Ver\u00adfahren weitergegeben&nbsp;).<\/p>\n<p>Auf schriftlich\u00ades Ver\u00adlan\u00adgen oder mit sein\u00ader Bil\u00adli\u00adgung, kann der Heil\u00ader, unter Ber\u00fcck\u00adsich\u00adti\u00adgung sein\u00ader M\u00f6glichkeit\u00aden, guten Gewis\u00adsens und seinem pro\u00adfes\u00adsionellen Urteil fol\u00adgend, andere Heil\u00ader, Ther\u00ada\u00adpeuten und spir\u00adituelle Lehrer kon\u00adsul\u00adtieren, so wie es angemessen erscheint, um das Wohl des Klien\u00adten zu maximieren.<\/p>\n<h2>Selbstverantwortung des BHSP, Wohlergehen des Klienten und Beendigung der&nbsp;Behandlung<\/h2>\n<p>Der BHSP verpflichtet sich f\u00fcr sein eigenes Wohl und weit\u00ader\u00adf\u00fchrende per\u00ads\u00f6n\u00adliche Heilar\u00adbeit zu sor\u00adgen und ist sich bewusst, dass diese Verpflich\u00adtung eine unab\u00add\u00ading\u00adbare Voraus\u00adset\u00adzung ist, um als Instru\u00adment f\u00fcr die Heilung des Klien\u00adten zu dienen.<\/p>\n<p>Der BHSP verpflichtet sich zu regelm\u00e4\u00dfi\u00adgen indi\u00advidu\u00adellen Super\u00advi\u00adsion\u00adssitzun\u00adgen mit einem qual\u00adi\u00adfizierten Super\u00advi\u00adsor. Der BHSP achtet verbindlich auf Anze\u00adichen von ungel\u00f6sten per\u00ads\u00f6n\u00adlichen Prob\u00adle\u00admen, Gegen\u00fcber\u00adtra\u00adgungsreak\u00adtio\u00adnen und emo\u00adtionalen Reak\u00adtio\u00adnen, und nimmt gegebe\u00adnen\u00adfalls pro\u00adfes\u00adsionelle Hil\u00adfe in Anspruch, um die Klien\u00adten\u00adbeziehung davon unbe\u00adhel\u00adligt zu lassen.<\/p>\n<p>Der BHSP ste\u00adht w\u00e4hrend ein\u00ader Klien\u00adten\u00adsitzung nicht unter Ein\u00adfluss von Alko\u00adhol oder irgendwelchen Dro\u00adgen, Medika\u00admenten oder anderen Sub\u00adstanzen, die seine Arbeit oder die Beziehung zum Klien\u00adten beein\u00adtr\u00e4chti\u00adgen k\u00f6nnten.<\/p>\n<p>Der BHSP been\u00addet eine Klien\u00adten\u00adbeziehung, wenn deut\u00adlich ist, dass der Klient die Behand\u00adlung nicht l\u00e4nger ben\u00f6tigt oder nicht mehr von ihr prof\u00adi\u00adtiert. Der BHSP been\u00addet seine Dien\u00adste, wenn dies auf\u00adgrund von k\u00f6r\u00adper\u00adlichen oder geisti\u00adgen Erkrankun\u00adgen oder ungel\u00f6sten per\u00ads\u00f6n\u00adlichen Prob\u00adle\u00admen rat\u00adsam erscheint. Der BHSP f\u00fchrt eine Klien\u00adten\u00adbeziehung nicht auss\u00adchlie\u00dflich aus finanziellen Gr\u00fcn\u00adden fort, kann aber die Beziehung been\u00adden, wenn der Klient unf\u00e4hig oder nicht wil\u00adlens ist, f\u00fcr seine Dien\u00adste zu bezahlen. Vor jeglich\u00ader Beendi\u00adgung der Beziehung, wenn anwend\u00adbar und prak\u00adtik\u00ada\u00adbel, begr\u00fcn\u00addet der BHSP den Klien\u00adten gegen\u00fcber seine Entschei\u00addung rechtzeit\u00adig und unter\u00adst\u00fctzt ihn dabei, andere pro\u00adfes\u00adsionelle Hil\u00adfe zu finden.<\/p>\n<\/div>\n<\/div><\/section>\n<\/div><\/div><\/div><\/div><\/div>","protected":false},"excerpt":{"rendered":"","protected":false},"author":4,"featured_media":0,"parent":0,"menu_order":30,"comment_status":"closed","ping_status":"closed","template":"","meta":{"wp_typography_post_enhancements_disabled":false},"_links":{"self":[{"href":"https:\/\/www.bhss.ch\/dev\/index.php?rest_route=\/wp\/v2\/pages\/1472"}],"collection":[{"href":"https:\/\/www.bhss.ch\/dev\/index.php?rest_route=\/wp\/v2\/pages"}],"about":[{"href":"https:\/\/www.bhss.ch\/dev\/index.php?rest_route=\/wp\/v2\/types\/page"}],"author":[{"embeddable":true,"href":"https:\/\/www.bhss.ch\/dev\/index.php?rest_route=\/wp\/v2\/users\/4"}],"replies":[{"embeddable":true,"href":"https:\/\/www.bhss.ch\/dev\/index.php?rest_route=%2Fwp%2Fv2%2Fcomments&post=1472"}],"version-history":[{"count":9,"href":"https:\/\/www.bhss.ch\/dev\/index.php?rest_route=\/wp\/v2\/pages\/1472\/revisions"}],"predecessor-version":[{"id":2165,"href":"https:\/\/www.bhss.ch\/dev\/index.php?rest_route=\/wp\/v2\/pages\/1472\/revisions\/2165"}],"wp:attachment":[{"href":"https:\/\/www.bhss.ch\/dev\/index.php?rest_route=%2Fwp%2Fv2%2Fmedia&parent=1472"}],"curies":[{"name":"wp","href":"https:\/\/api.w.org\/{rel}","templated":true}]}}