{"id":54,"date":"2016-01-20T15:41:27","date_gmt":"2016-01-20T15:41:27","guid":{"rendered":"https:\/\/www.bhss.ch\/?page_id=54&#038;lang=fr"},"modified":"2021-03-23T23:38:39","modified_gmt":"2021-03-23T23:38:39","slug":"brennan-healing-science-3","status":"publish","type":"page","link":"https:\/\/www.bhss.ch\/dev\/?lang=fr","title":{"rendered":"Brennan Healing Science\u00ae"},"content":{"rendered":"<div id=\"av_section_1\" class=\"avia-section main_color avia-section-no-padding avia-shadow  avia-bg-style-scroll  avia-builder-el-0  el_before_av_textblock  avia-builder-el-first   av-minimum-height av-minimum-height-custom  container_wrap fullsize\" style=\"background-color: #e9d3ff;  \"><div class=\"container\" style=\"height:150px\"><main role=\"main\" itemprop=\"mainContentOfPage\" class=\"template-page content  av-content-full alpha units\"><div class=\"post-entry post-entry-type-page post-entry-54\"><div class=\"entry-content-wrapper clearfix\">\n<div class=\"flex_column av_one_third  av-hide-on-mobile  flex_column_div av-zero-column-padding first  avia-builder-el-1  el_before_av_two_third  avia-builder-el-first  \" style=\"border-radius:0px; \"><div class=\"avia-image-container  av-styling-no-styling av-hover-grow   avia-builder-el-2  avia-builder-el-no-sibling  avia-align-left \" itemprop=\"image\" itemscope=\"itemscope\" itemtype=\"https:\/\/schema.org\/ImageObject\"><div class=\"avia-image-container-inner\"><div class=\"avia-image-overlay-wrap\"><img class=\"avia_image\" src=\"https:\/\/www.bhss.ch\/dev\/wp-content\/uploads\/2018\/04\/bhss-logo-new0000.png\" alt title=\"bhss-logo-new0000\" height=\"256\" width=\"256\" itemprop=\"thumbnailUrl\"><\/div><\/div><\/div><\/div><div class=\"flex_column av_two_third  flex_column_div av-zero-column-padding   avia-builder-el-3  el_after_av_one_third  avia-builder-el-last  \" style=\"border-radius:0px; \"><section class=\"av_textblock_section \" itemscope=\"itemscope\" itemtype=\"https:\/\/schema.org\/CreativeWork\"><div class=\"avia_textblock  \" itemprop=\"text\"><h2>&nbsp;<\/h2>\n<h2>&nbsp;<\/h2>\n<h2 style=\"text-align: right;\">BRENNAN HEALING SCIENCE SWITZERLAND<\/h2>\n<h5 style=\"text-align: right;\">Association Suisse des th\u00e9rapeutes \u00e9nergetiques de la&nbsp;BBSH<\/h5>\n<\/div><\/section><\/div><\/div><\/div><\/main><!-- close content main element --><\/div><\/div><div id=\"after_section_1\" class=\"main_color av_default_container_wrap container_wrap fullsize\" style=\" \"><div class=\"container\"><div class=\"template-page content  av-content-full alpha units\"><div class=\"post-entry post-entry-type-page post-entry-54\"><div class=\"entry-content-wrapper clearfix\"><section class=\"av_textblock_section \" itemscope=\"itemscope\" itemtype=\"https:\/\/schema.org\/CreativeWork\"><div class=\"avia_textblock  \" itemprop=\"text\"><div class=\"entry-content\" style=\"text-align: justify;\">\n<h2>Brennan Healing Science\u00ae<\/h2>\n<p>Est le nom d\u2019une m\u00e9th\u00adode de gu\u00e9ris\u00adseur int\u00e9\u00adgrale, qui per\u00admet \u00e0 la per\u00adson\u00adne pr\u00e9sente d\u2019atteindre son poten\u00adtiel opti\u00admal tant du point de vue de sa san\u00adt\u00e9 que de sa joie de vivre, de son bien-\u00eatre, de sa cr\u00e9a\u00adtiv\u00adit\u00e9, de sa force d\u2019entreprendre, de son amour, de sa sagesse et de son accom\u00adplisse\u00adment et ceci \u00e0 tous les niveaux, tant physique qu\u2019\u00e9motionnel et spirituel.<\/p>\n<h2>Brennan Healing Science Practitioner\u00ae<\/h2>\n<p>La for\u00adma\u00adtion pro\u00adfes\u00adsion\u00adnelle d\u2019une dur\u00e9e de 4 ans \u00e0 l\u2019\u00e9cole Bar\u00adbara Bren\u00adnan School of Heal\u00ading\u00ae (BBSH), fond\u00e9e et dirig\u00e9e depuis plus de 25 ans par l\u2019auteur et physi\u00adci\u00adenne Dr. Bar\u00adbara Ann Bren\u00adnan (2 Best-sell\u00aders con\u00adnus en fran\u00e7ais sous les noms de \u00ab Le Pou\u00advoir B\u00e9n\u00e9\u00adfique des Mains et Gu\u00e9rir par la Lumi\u00e8re \u00bb, parus aux \u00e9di\u00adtions TCHOU), donne au dipl\u00f4m\u00e9, rem\u00adplis\u00adsant les con\u00addi\u00adtions req\u00adui\u00ads\u00ades, le droit de porter le titre pro\u00adt\u00e9g\u00e9 de Bren\u00adnan Heal\u00ading Sci\u00adence Prac\u00adti\u00adtion\u00ader\u00ae. Ce titre est garant de la qual\u00adit\u00e9 et de la diver\u00adsit\u00e9 des m\u00e9th\u00adodes de tra\u00advail (plus de 60) util\u00adis\u00e9es dans le domaine des champs \u00e9nerg\u00e9\u00adtiques (com\u00adpos\u00e9s de minus\u00adcules par\u00adtic\u00adules, Aura) des per\u00adson\u00adnes trait\u00e9es et de leur sys\u00adt\u00e8me de Chakras (cen\u00adtres d\u2019\u00e9nergie).<\/p>\n<h2>Travail de gu\u00e9risseur \u00e9nerg\u00e9tique<\/h2>\n<p>Le tra\u00advail de gu\u00e9ris\u00adseur \u00e9nerg\u00e9\u00adtique con\u00adsiste en un accom\u00adpa\u00adg\u00adne\u00adment du client dans son voy\u00adage en qu\u00eate de la com\u00adpr\u00e9hen\u00adsion et de la dis\u00adso\u00adlu\u00adtion de douleurs, de blocages et de d\u00e9range\u00adments sur les trois niveaux, du physique, de l\u2019aura (avec les chakras) et de l\u2019intention (Hara), le menant au qua\u00adtri\u00e8me niveau qui est sa con\u00adscience holis\u00adtique et indi\u00advidu\u00adelle (le divin, un soi sup\u00e9rieur). Pour accom\u00adpa\u00adg\u00adn\u00ader le client, dif\u00adf\u00e9rentes tech\u00adniques sont util\u00adis\u00e9es, comme l\u2019imposition des mains et\/ou le traite\u00adment \u00e0 dis\u00adtance, la dis\u00adcus\u00adsion ain\u00adsi que le tra\u00advail cor\u00adporel bio\u00e9nerg\u00e9tique.<\/p>\n<\/div>\n<\/div><\/section>\n<\/div><\/div><\/div><\/div><\/div>","protected":false},"excerpt":{"rendered":"","protected":false},"author":1,"featured_media":0,"parent":0,"menu_order":0,"comment_status":"closed","ping_status":"closed","template":"","meta":{"wp_typography_post_enhancements_disabled":false},"_links":{"self":[{"href":"https:\/\/www.bhss.ch\/dev\/index.php?rest_route=\/wp\/v2\/pages\/54"}],"collection":[{"href":"https:\/\/www.bhss.ch\/dev\/index.php?rest_route=\/wp\/v2\/pages"}],"about":[{"href":"https:\/\/www.bhss.ch\/dev\/index.php?rest_route=\/wp\/v2\/types\/page"}],"author":[{"embeddable":true,"href":"https:\/\/www.bhss.ch\/dev\/index.php?rest_route=\/wp\/v2\/users\/1"}],"replies":[{"embeddable":true,"href":"https:\/\/www.bhss.ch\/dev\/index.php?rest_route=%2Fwp%2Fv2%2Fcomments&post=54"}],"version-history":[{"count":14,"href":"https:\/\/www.bhss.ch\/dev\/index.php?rest_route=\/wp\/v2\/pages\/54\/revisions"}],"predecessor-version":[{"id":2349,"href":"https:\/\/www.bhss.ch\/dev\/index.php?rest_route=\/wp\/v2\/pages\/54\/revisions\/2349"}],"wp:attachment":[{"href":"https:\/\/www.bhss.ch\/dev\/index.php?rest_route=%2Fwp%2Fv2%2Fmedia&parent=54"}],"curies":[{"name":"wp","href":"https:\/\/api.w.org\/{rel}","templated":true}]}}